{"id":4837,"date":"2015-06-17T10:50:38","date_gmt":"2015-06-17T08:50:38","guid":{"rendered":"http:\/\/eestiarst.dbweb.ee\/?page_id=4837"},"modified":"2024-02-26T10:55:40","modified_gmt":"2024-02-26T08:55:40","slug":"editorial-team","status":"publish","type":"page","link":"https:\/\/eestiarst.ee\/en\/editorial-team\/","title":{"rendered":"Editorial team"},"content":{"rendered":"<p style=\"margin: 0cm; margin-bottom: .0001pt;\">Urmas Siigur, Editor in Chief, MD, PhD<\/p>\n<p style=\"margin: 0cm; margin-bottom: .0001pt;\">\u00dclla Linnam\u00e4gi, Senior Editor MD, PhD<\/p>\n<p style=\"margin: 0cm; margin-bottom: .0001pt;\">V\u00e4ino Sinisalu, Scientific Editor, MD, PhD<\/p>\n<p style=\"margin: 0cm; margin-bottom: .0001pt;\">Pilvi Ilves, Research Papers Editor, MD, PhD<\/p>\n<p style=\"margin: 0cm; margin-bottom: .0001pt;\">Jana Jaal, Research Papers Editor, MD, PhD<\/p>\n<p style=\"margin: 0cm; margin-bottom: .0001pt;\">Ruth Kalda, Research Papers Editor, MD, PhD<\/p>\n<p style=\"margin: 0cm; margin-bottom: .0001pt;\">Tanel Laisaar, Research Papers Editor, MD, PhD<\/p>\n<p style=\"margin: 0cm; margin-bottom: .0001pt;\">Peep Talving, Research Papers Editor, MD, PhD<\/p>\n<p style=\"margin: 0cm; margin-bottom: .0001pt;\">Joel Starkopf, Research Papers Editor, MD, PhD<\/p>\n<p style=\"margin: 0cm; margin-bottom: .0001pt;\">Anneli Uusk\u00fcla, Research Papers Editor, MD, PhD<\/p>\n<p style=\"margin: 0cm; margin-bottom: .0001pt;\">Made Laanpere, Research Papers Editor, MD, PhD<\/p>\n<p style=\"margin: 0cm; margin-bottom: .0001pt;\">Urve Pirso, Language Editor<\/p>\n<p style=\"margin: 0cm; margin-bottom: .0001pt;\">Keily Ehasalu, Operating Editor<\/p>\n<p style=\"margin: 0cm; margin-bottom: .0001pt;\">Kadri Kingsepp, Sales Manager<\/p>\n","protected":false},"excerpt":{"rendered":"<p>Urmas Siigur, Editor in Chief, MD, PhD \u00dclla Linnam\u00e4gi, Senior Editor MD, PhD V\u00e4ino Sinisalu, Scientific Editor, MD, PhD Pilvi Ilves, Research Papers Editor, MD, PhD Jana Jaal, Research Papers Editor, MD, PhD Ruth Kalda, Research Papers Editor, MD, PhD Tanel Laisaar, Research Papers Editor, MD, PhD Peep Talving, Research Papers Editor, MD, PhD Joel &#8230;<\/p>\n","protected":false},"author":4,"featured_media":0,"parent":0,"menu_order":0,"comment_status":"closed","ping_status":"closed","template":"template-content.php","meta":{"_acf_changed":false,"footnotes":""},"class_list":["post-4837","page","type-page","status-publish","hentry"],"acf":[],"_links":{"self":[{"href":"https:\/\/eestiarst.ee\/en\/wp-json\/wp\/v2\/pages\/4837","targetHints":{"allow":["GET"]}}],"collection":[{"href":"https:\/\/eestiarst.ee\/en\/wp-json\/wp\/v2\/pages"}],"about":[{"href":"https:\/\/eestiarst.ee\/en\/wp-json\/wp\/v2\/types\/page"}],"author":[{"embeddable":true,"href":"https:\/\/eestiarst.ee\/en\/wp-json\/wp\/v2\/users\/4"}],"replies":[{"embeddable":true,"href":"https:\/\/eestiarst.ee\/en\/wp-json\/wp\/v2\/comments?post=4837"}],"version-history":[{"count":8,"href":"https:\/\/eestiarst.ee\/en\/wp-json\/wp\/v2\/pages\/4837\/revisions"}],"predecessor-version":[{"id":14639,"href":"https:\/\/eestiarst.ee\/en\/wp-json\/wp\/v2\/pages\/4837\/revisions\/14639"}],"wp:attachment":[{"href":"https:\/\/eestiarst.ee\/en\/wp-json\/wp\/v2\/media?parent=4837"}],"curies":[{"name":"wp","href":"https:\/\/api.w.org\/{rel}","templated":true}]}}